{"id":120,"date":"2024-08-31T14:12:05","date_gmt":"2024-08-31T14:12:05","guid":{"rendered":"https:\/\/motheorie.ccb.tu-dortmund.de\/?page_id=120"},"modified":"2024-08-31T14:12:05","modified_gmt":"2024-08-31T14:12:05","slug":"impressum","status":"publish","type":"page","link":"https:\/\/motheorie.ccb.tu-dortmund.de\/index.php\/impressum\/","title":{"rendered":"Impressum"},"content":{"rendered":"\n<p>Technische Universit\u00e4t Dortmund<br>August-Schmidt-Stra\u00dfe 4<br>44227 Dortmund<\/p>\n\n\n\n<p>Telefon: 0231\/755-1<\/p>\n\n\n\n<p><a href=\"mailto:presse@tu-dortmund.de\" data-type=\"mailto\" data-id=\"mailto:presse@tu-dortmund.de\">E-Mail senden<\/a><\/p>\n\n\n\n<p>Die Technische Universit\u00e4t (TU) Dortmund ist gem. \u00a7 2 Abs. 1 Satz 1 i.V.m. \u00a7 1 Abs. 2 Satz 1 Nr. 5 des Gesetzes \u00fcber die Hochschulen des Landes Nordrhein-Westfalen (HG NRW) eine vom Land Nordrhein-Westfalen getragene, rechtsf\u00e4hige K\u00f6rperschaft des \u00f6ffentlichen Rechts. Sie wird vertreten durch den Rektor Prof. Dr. Manfred Bayer.<\/p>\n\n\n\n<p>Die TU Dortmund nimmt ihre Aufgaben gem. \u00a7 76 Abs. 1 Satz 1 HG NRW unter der Rechtsaufsicht des&nbsp;<a href=\"https:\/\/www.mkw.nrw\/\" target=\"_blank\" rel=\"noreferrer noopener\">Ministeriums f\u00fcr Kultur und Wissenschaft des Landes Nordrhein-Westfalen<\/a>, V\u00f6lklinger Stra\u00dfe 49, 40221 D\u00fcsseldorf wahr.<\/p>\n\n\n\n<p>Umsatzsteuer-Identifikationsnummer gem. \u00a7 27a Umsatzsteuergesetz (UStG): DE 811 258 273<\/p>\n\n\n\n<p>Vorbehalt nach \u00a7 44b Abs. 3 UrhG<br>Die Nutzung und Vervielf\u00e4ltigung eines in unserem Online-Angebot enthaltenen Werkes aus der GEMA-Datenbank f\u00fcr das Text und Data Mining und damit insbesondere f\u00fcr das Training einer k\u00fcnstlichen Intelligenz bleibt gem\u00e4\u00df \u00a7 44b UrhG ausdr\u00fccklich vorbehalten. F\u00fcr&nbsp;eine beabsichtigte Nutzung zu Zwecken des Text und Data Mining ist der Kontakt mit der GEMA, M\u00fcnchen, aufzunehmen.<\/p>\n\n\n\n<p><strong>Redaktionell verantwortlich gem\u00e4\u00df \u00a7 18 Abs. 2 des Medienstaatsvertrages (MStV):<\/strong><\/p>\n\n\n\n<p>David Johannes Hauck<br>Friedrich-Alexander-Universit\u00e4t Erlangen-N\u00fcrnberg<br>Didaktik der Chemie<br>Regensburger Stra\u00dfe 160, 90478 N\u00fcrnberg<\/p>\n\n\n\n<p><a href=\"mailto:david.hauck@fau.de\">E-Mail senden<\/a><\/p>\n\n\n\n<p><\/p>\n","protected":false},"excerpt":{"rendered":"<p>Technische Universit\u00e4t DortmundAugust-Schmidt-Stra\u00dfe 444227 Dortmund Telefon: 0231\/755-1 E-Mail senden Die Technische Universit\u00e4t (TU) Dortmund ist gem. \u00a7 2 Abs. 1 Satz 1 i.V.m. \u00a7 1 Abs. 2 Satz 1 Nr. 5 des Gesetzes \u00fcber die Hochschulen des Landes Nordrhein-Westfalen (HG NRW) eine vom Land Nordrhein-Westfalen getragene, rechtsf\u00e4hige K\u00f6rperschaft des \u00f6ffentlichen Rechts. Sie wird vertreten durch [&hellip;]<\/p>\n","protected":false},"author":2,"featured_media":0,"parent":0,"menu_order":0,"comment_status":"closed","ping_status":"closed","template":"","meta":{"footnotes":""},"class_list":["post-120","page","type-page","status-publish","hentry"],"_links":{"self":[{"href":"https:\/\/motheorie.ccb.tu-dortmund.de\/index.php\/wp-json\/wp\/v2\/pages\/120","targetHints":{"allow":["GET"]}}],"collection":[{"href":"https:\/\/motheorie.ccb.tu-dortmund.de\/index.php\/wp-json\/wp\/v2\/pages"}],"about":[{"href":"https:\/\/motheorie.ccb.tu-dortmund.de\/index.php\/wp-json\/wp\/v2\/types\/page"}],"author":[{"embeddable":true,"href":"https:\/\/motheorie.ccb.tu-dortmund.de\/index.php\/wp-json\/wp\/v2\/users\/2"}],"replies":[{"embeddable":true,"href":"https:\/\/motheorie.ccb.tu-dortmund.de\/index.php\/wp-json\/wp\/v2\/comments?post=120"}],"version-history":[{"count":3,"href":"https:\/\/motheorie.ccb.tu-dortmund.de\/index.php\/wp-json\/wp\/v2\/pages\/120\/revisions"}],"predecessor-version":[{"id":125,"href":"https:\/\/motheorie.ccb.tu-dortmund.de\/index.php\/wp-json\/wp\/v2\/pages\/120\/revisions\/125"}],"wp:attachment":[{"href":"https:\/\/motheorie.ccb.tu-dortmund.de\/index.php\/wp-json\/wp\/v2\/media?parent=120"}],"curies":[{"name":"wp","href":"https:\/\/api.w.org\/{rel}","templated":true}]}}