{"id":123,"date":"2024-08-31T14:13:45","date_gmt":"2024-08-31T14:13:45","guid":{"rendered":"https:\/\/motheorie.ccb.tu-dortmund.de\/?page_id=123"},"modified":"2024-08-31T14:13:45","modified_gmt":"2024-08-31T14:13:45","slug":"kontakt","status":"publish","type":"page","link":"https:\/\/motheorie.ccb.tu-dortmund.de\/index.php\/kontakt\/","title":{"rendered":"Kontakt"},"content":{"rendered":"\n<p>David Johannes Hauck<br>Friedrich-Alexander-Universit\u00e4t Erlangen-N\u00fcrnberg<br>Didaktik der Chemie<br>Regensburger Stra\u00dfe 160, 90478 N\u00fcrnberg<\/p>\n\n\n\n<p><a href=\"tel:+49911530295164\">\u260f +49 911 5302 95164<\/a><br>\n<a href=\"mailto:david.hauck@fau.de\" data-type=\"mailto\" data-id=\"mailto:david.hauck@fau.de\">\u2709 david.hauck@fau.de<\/a><\/p>\n\n\n\n<p><\/p>\n\n\n\n<p><\/p>\n\n\n\n<p><\/p>\n","protected":false},"excerpt":{"rendered":"<p>David Johannes HauckFriedrich-Alexander-Universit\u00e4t Erlangen-N\u00fcrnbergDidaktik der ChemieRegensburger Stra\u00dfe 160, 90478 N\u00fcrnberg \u260f +49 911 5302 95164 \u2709 david.hauck@fau.de<\/p>\n","protected":false},"author":2,"featured_media":0,"parent":0,"menu_order":0,"comment_status":"closed","ping_status":"closed","template":"","meta":{"footnotes":""},"class_list":["post-123","page","type-page","status-publish","hentry"],"_links":{"self":[{"href":"https:\/\/motheorie.ccb.tu-dortmund.de\/index.php\/wp-json\/wp\/v2\/pages\/123","targetHints":{"allow":["GET"]}}],"collection":[{"href":"https:\/\/motheorie.ccb.tu-dortmund.de\/index.php\/wp-json\/wp\/v2\/pages"}],"about":[{"href":"https:\/\/motheorie.ccb.tu-dortmund.de\/index.php\/wp-json\/wp\/v2\/types\/page"}],"author":[{"embeddable":true,"href":"https:\/\/motheorie.ccb.tu-dortmund.de\/index.php\/wp-json\/wp\/v2\/users\/2"}],"replies":[{"embeddable":true,"href":"https:\/\/motheorie.ccb.tu-dortmund.de\/index.php\/wp-json\/wp\/v2\/comments?post=123"}],"version-history":[{"count":1,"href":"https:\/\/motheorie.ccb.tu-dortmund.de\/index.php\/wp-json\/wp\/v2\/pages\/123\/revisions"}],"predecessor-version":[{"id":124,"href":"https:\/\/motheorie.ccb.tu-dortmund.de\/index.php\/wp-json\/wp\/v2\/pages\/123\/revisions\/124"}],"wp:attachment":[{"href":"https:\/\/motheorie.ccb.tu-dortmund.de\/index.php\/wp-json\/wp\/v2\/media?parent=123"}],"curies":[{"name":"wp","href":"https:\/\/api.w.org\/{rel}","templated":true}]}}