{"id":24,"date":"2024-08-22T20:05:52","date_gmt":"2024-08-22T20:05:52","guid":{"rendered":"https:\/\/motheorie.ccb.tu-dortmund.de\/?page_id=24"},"modified":"2024-08-22T22:23:57","modified_gmt":"2024-08-22T22:23:57","slug":"video-5","status":"publish","type":"page","link":"https:\/\/motheorie.ccb.tu-dortmund.de\/index.php\/video-5\/","title":{"rendered":"Video 5 &#8211; Anleitung"},"content":{"rendered":"\n<div class=\"wp-block-group has-global-padding is-layout-constrained wp-block-group-is-layout-constrained\">\n<p>In diesem Video wird behandelt,<\/p>\n\n\n\n<ul class=\"wp-block-list\">\n<li>&#8230; wie MO-Diagramme f\u00fcr zweiatomige homo- und heteronukleare Verbindungen Schritt f\u00fcr Schritt erstellt werden k\u00f6nnen und <\/li>\n\n\n\n<li>&#8230; worauf dabei in jedem Schritt zu achten ist.<\/li>\n<\/ul>\n\n\n\n<center><iframe src=\"https:\/\/motheorie.ccb.tu-dortmund.de\/wp-admin\/admin-ajax.php?action=h5p_embed&#038;id=5\" width=\"958\" height=\"600\" frameborder=\"0\" allowfullscreen=\"allowfullscreen\" title=\"WS2324 Video 05 - 5 Schritte zur Erstellung von MO-Diagrammen (via YouTube)\"><\/iframe><script src=\"https:\/\/motheorie.ccb.tu-dortmund.de\/wp-content\/plugins\/h5p\/h5p-php-library\/js\/h5p-resizer.js\" charset=\"UTF-8\"><\/script>\n<\/div>\n\n\n\n<div class=\"wp-block-buttons is-layout-flex wp-block-buttons-is-layout-flex\">\n<div class=\"wp-block-button\"><a class=\"wp-block-button__link wp-element-button\" href=\"https:\/\/motheorie.ccb.tu-dortmund.de\/index.php\/start\">Zur\u00fcck zur \u00dcbersicht<\/a><\/div>\n<\/div>\n","protected":false},"excerpt":{"rendered":"<p>In diesem Video wird behandelt,<\/p>\n","protected":false},"author":2,"featured_media":0,"parent":0,"menu_order":5,"comment_status":"closed","ping_status":"closed","template":"","meta":{"footnotes":""},"class_list":["post-24","page","type-page","status-publish","hentry"],"_links":{"self":[{"href":"https:\/\/motheorie.ccb.tu-dortmund.de\/index.php\/wp-json\/wp\/v2\/pages\/24","targetHints":{"allow":["GET"]}}],"collection":[{"href":"https:\/\/motheorie.ccb.tu-dortmund.de\/index.php\/wp-json\/wp\/v2\/pages"}],"about":[{"href":"https:\/\/motheorie.ccb.tu-dortmund.de\/index.php\/wp-json\/wp\/v2\/types\/page"}],"author":[{"embeddable":true,"href":"https:\/\/motheorie.ccb.tu-dortmund.de\/index.php\/wp-json\/wp\/v2\/users\/2"}],"replies":[{"embeddable":true,"href":"https:\/\/motheorie.ccb.tu-dortmund.de\/index.php\/wp-json\/wp\/v2\/comments?post=24"}],"version-history":[{"count":10,"href":"https:\/\/motheorie.ccb.tu-dortmund.de\/index.php\/wp-json\/wp\/v2\/pages\/24\/revisions"}],"predecessor-version":[{"id":84,"href":"https:\/\/motheorie.ccb.tu-dortmund.de\/index.php\/wp-json\/wp\/v2\/pages\/24\/revisions\/84"}],"wp:attachment":[{"href":"https:\/\/motheorie.ccb.tu-dortmund.de\/index.php\/wp-json\/wp\/v2\/media?parent=24"}],"curies":[{"name":"wp","href":"https:\/\/api.w.org\/{rel}","templated":true}]}}