{"id":32,"date":"2024-08-22T20:03:37","date_gmt":"2024-08-22T20:03:37","guid":{"rendered":"https:\/\/motheorie.ccb.tu-dortmund.de\/?page_id=32"},"modified":"2024-08-31T14:27:27","modified_gmt":"2024-08-31T14:27:27","slug":"start","status":"publish","type":"page","link":"https:\/\/motheorie.ccb.tu-dortmund.de\/","title":{"rendered":"\u00dcbersicht"},"content":{"rendered":"\n<p>Die digitale Lernumgebung zur Molek\u00fclorbital(MO-)theorie besteht aus insgesamt 5 interaktiven Videos, die durch Klick auf den Button zu Beginn der Zeile erreicht werden k\u00f6nnen.<\/p>\n\n\n\n<p>Video 1 beinhaltet eine Einf\u00fchrung in die interaktiven Lernvideos. In den aufeinander aufbauenden Videos 2 bis 4 werden sowohl Grundlagen der MO-Theorie thematisiert, als auch bei der Erstellung und Interpretation von MO-Diagrammen zur Anwendung gebracht, welche im abschlie\u00dfenden Video 5 noch einmal zusammengefasst werden.<\/p>\n\n\n\n<p>Die Buttons am Zeilenanfang f\u00fchren direkt zum entsprechenden Video.<\/p>\n\n\n\n<div class=\"wp-block-group is-nowrap is-layout-flex wp-container-core-group-is-layout-6c531013 wp-block-group-is-layout-flex\">\n<div class=\"wp-block-buttons is-layout-flex wp-block-buttons-is-layout-flex\">\n<div class=\"wp-block-button\"><a class=\"wp-block-button__link wp-element-button\" href=\"https:\/\/motheorie.ccb.tu-dortmund.de\/index.php\/video-1\/\">Zu Video 1<\/a><\/div>\n<\/div>\n\n\n\n<p>Allgemeine Einf\u00fchrung<\/p>\n<\/div>\n\n\n\n<div class=\"wp-block-group is-nowrap is-layout-flex wp-container-core-group-is-layout-6c531013 wp-block-group-is-layout-flex\">\n<div class=\"wp-block-buttons is-layout-flex wp-block-buttons-is-layout-flex\">\n<div class=\"wp-block-button has-custom-width wp-block-button__width-100\"><a class=\"wp-block-button__link wp-element-button\" href=\"https:\/\/motheorie.ccb.tu-dortmund.de\/index.php\/video-2\/\">Zu Video 2<\/a><\/div>\n<\/div>\n\n\n\n<p>Grundlagen der Molek\u00fclorbitaltheorie <\/p>\n<\/div>\n\n\n\n<div class=\"wp-block-group is-nowrap is-layout-flex wp-container-core-group-is-layout-6c531013 wp-block-group-is-layout-flex\">\n<div class=\"wp-block-buttons is-layout-flex wp-block-buttons-is-layout-flex\">\n<div class=\"wp-block-button\"><a class=\"wp-block-button__link wp-element-button\" href=\"https:\/\/motheorie.ccb.tu-dortmund.de\/index.php\/video-3\/\">Zu Video 3<\/a><\/div>\n<\/div>\n\n\n\n<p>Von Bor bis Neon: s- und p-Orbitale kombinieren<\/p>\n<\/div>\n\n\n\n<div class=\"wp-block-group is-nowrap is-layout-flex wp-container-core-group-is-layout-6c531013 wp-block-group-is-layout-flex\">\n<div class=\"wp-block-buttons is-layout-flex wp-block-buttons-is-layout-flex\">\n<div class=\"wp-block-button\"><a class=\"wp-block-button__link wp-element-button\" href=\"https:\/\/motheorie.ccb.tu-dortmund.de\/index.php\/video-4\/\">Zu Video 4<\/a><\/div>\n<\/div>\n\n\n\n<p>Heteronukleare Verbindungen<\/p>\n<\/div>\n\n\n\n<div class=\"wp-block-group is-nowrap is-layout-flex wp-container-core-group-is-layout-6c531013 wp-block-group-is-layout-flex\">\n<div class=\"wp-block-buttons is-layout-flex wp-block-buttons-is-layout-flex\">\n<div class=\"wp-block-button\"><a class=\"wp-block-button__link wp-element-button\" href=\"https:\/\/motheorie.ccb.tu-dortmund.de\/index.php\/video-5\/\">Zu Video 5<\/a><\/div>\n<\/div>\n\n\n\n<p>In 5 Schritten zum MO-Diagramm<\/p>\n<\/div>\n\n\n\n<h2 class=\"wp-block-heading\">Hinweise zur Weiterverwendung <\/h2>\n\n\n\n<p>Die Videos d\u00fcrfen frei f\u00fcr den eigenen schulischen und universit\u00e4ren Lehrbetrieb verwendet werden.<\/p>\n\n\n\n<p>Andere Formen des Einsatzes sowie jedwede Art der Modifikation der Inhalte sind nur zu nicht kommerziellen Zwecken und ausschlie\u00dflich nach schriftlicher Genehmigung durch <a href=\"mailto:david.hauck@fau.de\" data-type=\"mailto\" data-id=\"mailto:david.hauck@fau.de\">den Autor<\/a> zul\u00e4ssig. <\/p>\n","protected":false},"excerpt":{"rendered":"<p>Die digitale Lernumgebung zur Molek\u00fclorbital(MO-)theorie besteht aus insgesamt 5 interaktiven Videos, die durch Klick auf den Button zu Beginn der Zeile erreicht werden k\u00f6nnen. Video 1 beinhaltet eine Einf\u00fchrung in die interaktiven Lernvideos. In den aufeinander aufbauenden Videos 2 bis 4 werden sowohl Grundlagen der MO-Theorie thematisiert, als auch bei der Erstellung und Interpretation von [&hellip;]<\/p>\n","protected":false},"author":2,"featured_media":71,"parent":0,"menu_order":0,"comment_status":"closed","ping_status":"closed","template":"","meta":{"footnotes":""},"class_list":["post-32","page","type-page","status-publish","has-post-thumbnail","hentry"],"_links":{"self":[{"href":"https:\/\/motheorie.ccb.tu-dortmund.de\/index.php\/wp-json\/wp\/v2\/pages\/32","targetHints":{"allow":["GET"]}}],"collection":[{"href":"https:\/\/motheorie.ccb.tu-dortmund.de\/index.php\/wp-json\/wp\/v2\/pages"}],"about":[{"href":"https:\/\/motheorie.ccb.tu-dortmund.de\/index.php\/wp-json\/wp\/v2\/types\/page"}],"author":[{"embeddable":true,"href":"https:\/\/motheorie.ccb.tu-dortmund.de\/index.php\/wp-json\/wp\/v2\/users\/2"}],"replies":[{"embeddable":true,"href":"https:\/\/motheorie.ccb.tu-dortmund.de\/index.php\/wp-json\/wp\/v2\/comments?post=32"}],"version-history":[{"count":11,"href":"https:\/\/motheorie.ccb.tu-dortmund.de\/index.php\/wp-json\/wp\/v2\/pages\/32\/revisions"}],"predecessor-version":[{"id":136,"href":"https:\/\/motheorie.ccb.tu-dortmund.de\/index.php\/wp-json\/wp\/v2\/pages\/32\/revisions\/136"}],"wp:featuredmedia":[{"embeddable":true,"href":"https:\/\/motheorie.ccb.tu-dortmund.de\/index.php\/wp-json\/wp\/v2\/media\/71"}],"wp:attachment":[{"href":"https:\/\/motheorie.ccb.tu-dortmund.de\/index.php\/wp-json\/wp\/v2\/media?parent=32"}],"curies":[{"name":"wp","href":"https:\/\/api.w.org\/{rel}","templated":true}]}}